{"id":6,"date":"2021-05-06T19:31:33","date_gmt":"2021-05-06T17:31:33","guid":{"rendered":"http:\/\/onoffrh.cluster029.hosting.ovh.net\/?page_id=6"},"modified":"2026-03-17T23:12:15","modified_gmt":"2026-03-17T22:12:15","slug":"le-nouveau-e-mucem-ouvre-ses-portes-2","status":"publish","type":"page","link":"http:\/\/onoffrh.cluster029.hosting.ovh.net\/","title":{"rendered":"La Rando des Vignes"},"content":{"rendered":"\n<h2 class=\"wp-block-heading has-text-align-center\">Rando des Vignes 2026<\/h2>\n\n\n<div class=\"wp-block-image\">\n<figure class=\"aligncenter size-large\"><img loading=\"lazy\" decoding=\"async\" width=\"724\" height=\"1024\" src=\"http:\/\/onoffrh.cluster029.hosting.ovh.net\/wp-content\/uploads\/2026\/03\/Affiche-RDV-2026-724x1024.jpg\" alt=\"\" class=\"wp-image-513\" srcset=\"http:\/\/onoffrh.cluster029.hosting.ovh.net\/wp-content\/uploads\/2026\/03\/Affiche-RDV-2026-724x1024.jpg 724w, http:\/\/onoffrh.cluster029.hosting.ovh.net\/wp-content\/uploads\/2026\/03\/Affiche-RDV-2026-212x300.jpg 212w, http:\/\/onoffrh.cluster029.hosting.ovh.net\/wp-content\/uploads\/2026\/03\/Affiche-RDV-2026-768x1087.jpg 768w, http:\/\/onoffrh.cluster029.hosting.ovh.net\/wp-content\/uploads\/2026\/03\/Affiche-RDV-2026-1086x1536.jpg 1086w, http:\/\/onoffrh.cluster029.hosting.ovh.net\/wp-content\/uploads\/2026\/03\/Affiche-RDV-2026-1448x2048.jpg 1448w, http:\/\/onoffrh.cluster029.hosting.ovh.net\/wp-content\/uploads\/2026\/03\/Affiche-RDV-2026-191x270.jpg 191w, http:\/\/onoffrh.cluster029.hosting.ovh.net\/wp-content\/uploads\/2026\/03\/Affiche-RDV-2026.jpg 1753w\" sizes=\"auto, (max-width: 724px) 100vw, 724px\" \/><\/figure>\n<\/div>\n\n\n<p>Le 14 juin 2026, l\u2019association On\/Off Road Touraine, club de randonn\u00e9e VTT, Gravel et p\u00e9destre de Par\u00e7ay-Meslay, organise tous les ans la Rando des Vignes.<\/p>\n\n\n\n<p>C\u2019est \u00e0 partir de 8h00 que les participants seront accueillis \u00e0 la salle St Pierre, rue de la Sablonni\u00e8re, 37210 Par\u00e7ay-Meslay. Apr\u00e8s un accueil caf\u00e9, v\u00e9t\u00e9tistes et marcheurs pourront partir sur des parcours distincts pour de magnifiques balades sur les plus beaux chemins et sentiers du vignoble vouvrillon.<\/p>\n\n\n\n<p>Au programme, des parcours balis\u00e9s permettant de satisfaire tous les participants, depuis les plus jeunes (accompagn\u00e9s par leurs parents) aux sportifs les plus aguerris.<\/p>\n\n\n\n<p>5 circuits balis\u00e9s pour les VTT (de 20 \u00e0 69 km) et 3 pour les marcheurs (8, 14 et 18 km) ainsi que 2 circuits Gravel de 60 et 90 km (trace GPS). Et tout \u00e7a dans une convivialit\u00e9 ch\u00e8re aux organisateurs. De copieux ravitaillements sur les parcours permettront aux participants de reprendre des forces et ainsi de profiter pleinement des paysages. Sans compter la traditionnelle collation d\u2019arriv\u00e9e.<\/p>\n\n\n\n<p>Du circuit familial au parcours sportif, vous d\u00e9couvrirez les magnifiques coteaux des vignobles du Vouvrillon.<\/p>\n\n\n\n<p>Inscription en ligne possible sur YAPLA : <a href=\"https:\/\/oort.s2.yapla.com\/fr\/event-109667\">https:\/\/oort.s2.yapla.com\/fr\/event-109667<\/a><\/p>\n\n\n\n<p><strong>Ravitaillements :<\/strong><\/p>\n\n\n\n<p>\u2022 Vtt : 20 km : Ravitaillement \u00e0 l&rsquo;arriv\u00e9e<\/p>\n\n\n\n<p>\u2022 Vtt : 30 et 46 km : 1 ravitaillement \u00e0 mi-parcours + arriv\u00e9e<\/p>\n\n\n\n<p>\u2022 Vtt : 57 et 69 km : 2 ravitaillements + arriv\u00e9e<\/p>\n\n\n\n<p>\u2022 Gravel : 60 km : 1 ravitaillement \u00e0 mi-parcours + arriv\u00e9e<\/p>\n\n\n\n<p>\u2022 Gravel : 90 km : 2 ravitaillements + arriv\u00e9e<\/p>\n\n\n\n<p>\u2022 Marche : 1 ravitaillement + arriv\u00e9e<\/p>\n\n\n\n<p><br><strong>Attention<\/strong> <strong>tarif + 1\u20ac<\/strong> <strong>si inscription sur place.<\/strong><\/p>\n\n\n\n<p><strong>Pas de gobelets fournis.<br>Si possible se munir de son stylo et de l\u2019appoint en esp\u00e8ce.<br>Gratuit pour les moins de 14 ans accompagn\u00e9s.<\/strong><\/p>\n\n\n\n<div class=\"wp-block-buttons is-layout-flex wp-block-buttons-is-layout-flex\">\n<div class=\"wp-block-button aligncenter is-style-fill\"><a class=\"wp-block-button__link has-white-color has-vivid-red-background-color has-text-color has-background wp-element-button\" href=\"https:\/\/oort.s2.yapla.com\/fr\/event-109667\">Inscriptions ICI<\/a><\/div>\n<\/div>\n\n\n\n<p><\/p>\n\n\n\n<figure class=\"wp-block-image size-large\"><img loading=\"lazy\" decoding=\"async\" width=\"1024\" height=\"683\" src=\"http:\/\/onoffrh.cluster029.hosting.ovh.net\/wp-content\/uploads\/2024\/06\/IMG_6334-1024x683.jpg\" alt=\"\" class=\"wp-image-453\" srcset=\"http:\/\/onoffrh.cluster029.hosting.ovh.net\/wp-content\/uploads\/2024\/06\/IMG_6334-1024x683.jpg 1024w, http:\/\/onoffrh.cluster029.hosting.ovh.net\/wp-content\/uploads\/2024\/06\/IMG_6334-300x200.jpg 300w, http:\/\/onoffrh.cluster029.hosting.ovh.net\/wp-content\/uploads\/2024\/06\/IMG_6334-768x512.jpg 768w, http:\/\/onoffrh.cluster029.hosting.ovh.net\/wp-content\/uploads\/2024\/06\/IMG_6334-1536x1024.jpg 1536w, http:\/\/onoffrh.cluster029.hosting.ovh.net\/wp-content\/uploads\/2024\/06\/IMG_6334-2048x1365.jpg 2048w, http:\/\/onoffrh.cluster029.hosting.ovh.net\/wp-content\/uploads\/2024\/06\/IMG_6334-405x270.jpg 405w\" sizes=\"auto, (max-width: 1024px) 100vw, 1024px\" \/><\/figure>\n\n\n\n<p class=\"has-text-align-center has-large-font-size\">Nous vous attendons nombreux pour cette superbe journ\u00e9e !!<\/p>\n\n\n\n<div class=\"wp-block-columns are-vertically-aligned-bottom is-layout-flex wp-container-core-columns-is-layout-9d6595d7 wp-block-columns-is-layout-flex\">\n<div class=\"wp-block-column is-vertically-aligned-bottom is-layout-flow wp-block-column-is-layout-flow\"><\/div>\n<\/div>\n\n\n\n<p><\/p>\n\n\n\n<div class=\"wp-block-buttons is-content-justification-center is-layout-flex wp-container-core-buttons-is-layout-16018d1d wp-block-buttons-is-layout-flex\"><\/div>\n\n\n\n<div style=\"height:37px\" aria-hidden=\"true\" class=\"wp-block-spacer\"><\/div>\n\n\n\n<div style=\"height:18px\" aria-hidden=\"true\" class=\"wp-block-spacer\"><\/div>\n\n\n\n<p><\/p>\n","protected":false},"excerpt":{"rendered":"<p>Rando des Vignes 2026 Le 14 juin 2026, l\u2019association On\/Off Road Touraine, club de randonn\u00e9e VTT, Gravel et p\u00e9destre de Par\u00e7ay-Meslay, organise tous les ans la Rando des Vignes. C\u2019est \u00e0 partir de 8h00 que les participants seront accueillis \u00e0 la salle St Pierre, rue de la Sablonni\u00e8re, 37210 Par\u00e7ay-Meslay. Apr\u00e8s un accueil caf\u00e9, v\u00e9t\u00e9tistes et marcheurs pourront partir sur des parcours distincts pour de magnifiques balades sur les plus beaux chemins et sentiers du vignoble vouvrillon. Au programme, des&#8230;<\/p>\n<p class=\"read-more\"><a class=\"btn btn-default\" href=\"http:\/\/onoffrh.cluster029.hosting.ovh.net\/\">Lire la suite<span class=\"screen-reader-text\"> Lire la suite<\/span><\/a><\/p>\n","protected":false},"author":1,"featured_media":0,"parent":0,"menu_order":0,"comment_status":"closed","ping_status":"closed","template":"","meta":{"footnotes":""},"class_list":["post-6","page","type-page","status-publish","hentry"],"_links":{"self":[{"href":"http:\/\/onoffrh.cluster029.hosting.ovh.net\/index.php?rest_route=\/wp\/v2\/pages\/6","targetHints":{"allow":["GET"]}}],"collection":[{"href":"http:\/\/onoffrh.cluster029.hosting.ovh.net\/index.php?rest_route=\/wp\/v2\/pages"}],"about":[{"href":"http:\/\/onoffrh.cluster029.hosting.ovh.net\/index.php?rest_route=\/wp\/v2\/types\/page"}],"author":[{"embeddable":true,"href":"http:\/\/onoffrh.cluster029.hosting.ovh.net\/index.php?rest_route=\/wp\/v2\/users\/1"}],"replies":[{"embeddable":true,"href":"http:\/\/onoffrh.cluster029.hosting.ovh.net\/index.php?rest_route=%2Fwp%2Fv2%2Fcomments&post=6"}],"version-history":[{"count":74,"href":"http:\/\/onoffrh.cluster029.hosting.ovh.net\/index.php?rest_route=\/wp\/v2\/pages\/6\/revisions"}],"predecessor-version":[{"id":514,"href":"http:\/\/onoffrh.cluster029.hosting.ovh.net\/index.php?rest_route=\/wp\/v2\/pages\/6\/revisions\/514"}],"wp:attachment":[{"href":"http:\/\/onoffrh.cluster029.hosting.ovh.net\/index.php?rest_route=%2Fwp%2Fv2%2Fmedia&parent=6"}],"curies":[{"name":"wp","href":"https:\/\/api.w.org\/{rel}","templated":true}]}}